

{"id":595,"date":"2020-03-26T16:56:55","date_gmt":"2020-03-26T13:56:55","guid":{"rendered":"http:\/\/labs-ifq.unifei.edu.br\/?page_id=595"},"modified":"2020-03-31T14:25:01","modified_gmt":"2020-03-31T11:25:01","slug":"experimentos-de-fisica-moderna","status":"publish","type":"page","link":"http:\/\/labs-ifq.unifei.edu.br\/?page_id=595","title":{"rendered":"Experimentos de F\u00edsica Moderna."},"content":{"rendered":"\n<ul class=\"wp-block-gallery columns-3 is-cropped wp-block-gallery-1 is-layout-flex wp-block-gallery-is-layout-flex\"><li class=\"blocks-gallery-item\"><figure><img loading=\"lazy\" decoding=\"async\" width=\"1024\" height=\"768\" src=\"http:\/\/labs-ifq.unifei.edu.br\/wp-content\/uploads\/2020\/03\/DSCN6059-1-1024x768.jpg\" alt=\"\" data-id=\"563\" data-link=\"http:\/\/labs-ifq.unifei.edu.br\/?attachment_id=563\" class=\"wp-image-563\" srcset=\"http:\/\/labs-ifq.unifei.edu.br\/wp-content\/uploads\/2020\/03\/DSCN6059-1-1024x768.jpg 1024w, http:\/\/labs-ifq.unifei.edu.br\/wp-content\/uploads\/2020\/03\/DSCN6059-1-300x225.jpg 300w, http:\/\/labs-ifq.unifei.edu.br\/wp-content\/uploads\/2020\/03\/DSCN6059-1-768x576.jpg 768w, http:\/\/labs-ifq.unifei.edu.br\/wp-content\/uploads\/2020\/03\/DSCN6059-1.jpg 2048w\" sizes=\"(max-width: 767px) 89vw, (max-width: 1000px) 54vw, (max-width: 1071px) 543px, 580px\" \/><\/figure><\/li><li class=\"blocks-gallery-item\"><figure><img loading=\"lazy\" decoding=\"async\" width=\"1024\" height=\"768\" src=\"http:\/\/labs-ifq.unifei.edu.br\/wp-content\/uploads\/2020\/03\/DSCN6058-1-1024x768.jpg\" alt=\"\" data-id=\"562\" data-link=\"http:\/\/labs-ifq.unifei.edu.br\/?attachment_id=562\" class=\"wp-image-562\" srcset=\"http:\/\/labs-ifq.unifei.edu.br\/wp-content\/uploads\/2020\/03\/DSCN6058-1-1024x768.jpg 1024w, http:\/\/labs-ifq.unifei.edu.br\/wp-content\/uploads\/2020\/03\/DSCN6058-1-300x225.jpg 300w, http:\/\/labs-ifq.unifei.edu.br\/wp-content\/uploads\/2020\/03\/DSCN6058-1-768x576.jpg 768w, http:\/\/labs-ifq.unifei.edu.br\/wp-content\/uploads\/2020\/03\/DSCN6058-1.jpg 2048w\" sizes=\"(max-width: 767px) 89vw, (max-width: 1000px) 54vw, (max-width: 1071px) 543px, 580px\" \/><\/figure><\/li><li class=\"blocks-gallery-item\"><figure><img loading=\"lazy\" decoding=\"async\" width=\"1024\" height=\"768\" src=\"http:\/\/labs-ifq.unifei.edu.br\/wp-content\/uploads\/2020\/03\/DSCN6057-1-1024x768.jpg\" alt=\"\" data-id=\"561\" data-link=\"http:\/\/labs-ifq.unifei.edu.br\/?attachment_id=561\" class=\"wp-image-561\" srcset=\"http:\/\/labs-ifq.unifei.edu.br\/wp-content\/uploads\/2020\/03\/DSCN6057-1-1024x768.jpg 1024w, http:\/\/labs-ifq.unifei.edu.br\/wp-content\/uploads\/2020\/03\/DSCN6057-1-300x225.jpg 300w, http:\/\/labs-ifq.unifei.edu.br\/wp-content\/uploads\/2020\/03\/DSCN6057-1-768x576.jpg 768w, http:\/\/labs-ifq.unifei.edu.br\/wp-content\/uploads\/2020\/03\/DSCN6057-1.jpg 2048w\" sizes=\"(max-width: 767px) 89vw, (max-width: 1000px) 54vw, (max-width: 1071px) 543px, 580px\" \/><\/figure><\/li><\/ul>\n\n\n\n<p>Nesta laborat\u00f3rio realiza-se estudos que envolvem a f\u00edsica do s\u00e9culo 20. <\/p>\n\n\n\n<p><a href=\"https:\/\/owncloud.unifei.edu.br\/index.php\/s\/mIlUvrLn3r6PKEb\">Momento magn\u00e9tico em campos magn\u00e9ticos<\/a>: Verificar  as Equa\u00e7\u00f5es de Maxwell,  lei de Biot-Savart e efeito Hall.<\/p>\n\n\n\n<p><a href=\"https:\/\/owncloud.unifei.edu.br\/index.php\/s\/TtxMX1Te89XVG9d\">Transi\u00e7\u00e3o de fase e Termoan\u00e1lise diferencial<\/a>:  Verifica\u00e7\u00e3o da regra das fases de Gibbs.<\/p>\n\n\n\n<p><a href=\"https:\/\/owncloud.unifei.edu.br\/index.php\/s\/oIXCAPWXnbXspyP\">Raz\u00e3o Carga Massa<\/a>:  Calcular a raz\u00e3o carga massa do eletron.<\/p>\n\n\n\n<p> <a href=\"https:\/\/owncloud.unifei.edu.br\/index.php\/s\/XLb5RCRmUfFAP0T\">Experimento de Franck-Hertz<\/a> : Verificar a emiss\u00e3o de correspondente a 253 nm.<\/p>\n\n\n\n<p><a href=\"https:\/\/owncloud.unifei.edu.br\/index.php\/s\/N6MdaKbgsTPanQH\">Efeito Hall:<\/a>  Verificar o efeito hall em um condutor.<\/p>\n\n\n\n<p><a href=\"https:\/\/owncloud.unifei.edu.br\/index.php\/s\/K9MWgfXhiQcSq0K\">Gota de Milica<\/a>:  Determina\u00e7\u00e3o da Carga do El\u00e9tron <\/p>\n\n\n\n<p><a href=\"https:\/\/owncloud.unifei.edu.br\/index.php\/s\/X2YhO0eXaTxNDDU\">Manuais e outras atividades relativas a f\u00edsica moderna<\/a>.<\/p>\n","protected":false},"excerpt":{"rendered":"<p>Nesta laborat\u00f3rio realiza-se estudos que envolvem a f\u00edsica do s\u00e9culo 20. Momento magn\u00e9tico em campos magn\u00e9ticos: Verificar as Equa\u00e7\u00f5es de Maxwell, lei de Biot-Savart e efeito Hall. Transi\u00e7\u00e3o de fase e Termoan\u00e1lise diferencial: Verifica\u00e7\u00e3o da regra das fases de Gibbs. Raz\u00e3o Carga Massa: Calcular a raz\u00e3o carga massa do eletron. Experimento de Franck-Hertz : Verificar &hellip; <\/p>\n<p class=\"link-more\"><a href=\"http:\/\/labs-ifq.unifei.edu.br\/?page_id=595\" class=\"more-link\">Continue lendo<span class=\"screen-reader-text\"> &#8220;Experimentos de F\u00edsica Moderna.&#8221;<\/span><\/a><\/p>\n","protected":false},"author":1,"featured_media":0,"parent":0,"menu_order":0,"comment_status":"closed","ping_status":"closed","template":"","meta":{"footnotes":""},"class_list":["post-595","page","type-page","status-publish","hentry"],"_links":{"self":[{"href":"http:\/\/labs-ifq.unifei.edu.br\/index.php?rest_route=\/wp\/v2\/pages\/595"}],"collection":[{"href":"http:\/\/labs-ifq.unifei.edu.br\/index.php?rest_route=\/wp\/v2\/pages"}],"about":[{"href":"http:\/\/labs-ifq.unifei.edu.br\/index.php?rest_route=\/wp\/v2\/types\/page"}],"author":[{"embeddable":true,"href":"http:\/\/labs-ifq.unifei.edu.br\/index.php?rest_route=\/wp\/v2\/users\/1"}],"replies":[{"embeddable":true,"href":"http:\/\/labs-ifq.unifei.edu.br\/index.php?rest_route=%2Fwp%2Fv2%2Fcomments&post=595"}],"version-history":[{"count":2,"href":"http:\/\/labs-ifq.unifei.edu.br\/index.php?rest_route=\/wp\/v2\/pages\/595\/revisions"}],"predecessor-version":[{"id":638,"href":"http:\/\/labs-ifq.unifei.edu.br\/index.php?rest_route=\/wp\/v2\/pages\/595\/revisions\/638"}],"wp:attachment":[{"href":"http:\/\/labs-ifq.unifei.edu.br\/index.php?rest_route=%2Fwp%2Fv2%2Fmedia&parent=595"}],"curies":[{"name":"wp","href":"https:\/\/api.w.org\/{rel}","templated":true}]}}