

{"id":581,"date":"2020-03-26T22:33:35","date_gmt":"2020-03-26T19:33:35","guid":{"rendered":"http:\/\/labs-ifq.unifei.edu.br\/?page_id=581"},"modified":"2020-03-27T14:53:00","modified_gmt":"2020-03-27T11:53:00","slug":"roteiros-de-experimentos-de-ondulatoria","status":"publish","type":"page","link":"http:\/\/labs-ifq.unifei.edu.br\/?page_id=581","title":{"rendered":"Experimentos de Ondulat\u00f3ria"},"content":{"rendered":"\n<p><\/p>\n\n\n\n<ul class=\"wp-block-gallery columns-3 is-cropped wp-block-gallery-1 is-layout-flex wp-block-gallery-is-layout-flex\"><li class=\"blocks-gallery-item\"><figure><img loading=\"lazy\" decoding=\"async\" width=\"1024\" height=\"683\" src=\"http:\/\/labs-ifq.unifei.edu.br\/wp-content\/uploads\/2019\/10\/IMG_0090-1024x683.jpg\" alt=\"\" data-id=\"75\" data-link=\"http:\/\/labs-ifq.unifei.edu.br\/?attachment_id=75\" class=\"wp-image-75\" srcset=\"http:\/\/labs-ifq.unifei.edu.br\/wp-content\/uploads\/2019\/10\/IMG_0090-1024x683.jpg 1024w, http:\/\/labs-ifq.unifei.edu.br\/wp-content\/uploads\/2019\/10\/IMG_0090-300x200.jpg 300w, http:\/\/labs-ifq.unifei.edu.br\/wp-content\/uploads\/2019\/10\/IMG_0090-768x512.jpg 768w\" sizes=\"(max-width: 767px) 89vw, (max-width: 1000px) 54vw, (max-width: 1071px) 543px, 580px\" \/><\/figure><\/li><li class=\"blocks-gallery-item\"><figure><img loading=\"lazy\" decoding=\"async\" width=\"1024\" height=\"683\" src=\"http:\/\/labs-ifq.unifei.edu.br\/wp-content\/uploads\/2019\/10\/IMG_0060-1024x683.jpg\" alt=\"\" data-id=\"79\" data-link=\"http:\/\/labs-ifq.unifei.edu.br\/?attachment_id=79\" class=\"wp-image-79\" srcset=\"http:\/\/labs-ifq.unifei.edu.br\/wp-content\/uploads\/2019\/10\/IMG_0060-1024x683.jpg 1024w, http:\/\/labs-ifq.unifei.edu.br\/wp-content\/uploads\/2019\/10\/IMG_0060-300x200.jpg 300w, http:\/\/labs-ifq.unifei.edu.br\/wp-content\/uploads\/2019\/10\/IMG_0060-768x512.jpg 768w\" sizes=\"(max-width: 767px) 89vw, (max-width: 1000px) 54vw, (max-width: 1071px) 543px, 580px\" \/><\/figure><\/li><li class=\"blocks-gallery-item\"><figure><img loading=\"lazy\" decoding=\"async\" width=\"1024\" height=\"683\" src=\"http:\/\/labs-ifq.unifei.edu.br\/wp-content\/uploads\/2019\/10\/IMG_0061-1024x683.jpg\" alt=\"\" data-id=\"80\" data-link=\"http:\/\/labs-ifq.unifei.edu.br\/?attachment_id=80\" class=\"wp-image-80\" srcset=\"http:\/\/labs-ifq.unifei.edu.br\/wp-content\/uploads\/2019\/10\/IMG_0061-1024x683.jpg 1024w, http:\/\/labs-ifq.unifei.edu.br\/wp-content\/uploads\/2019\/10\/IMG_0061-300x200.jpg 300w, http:\/\/labs-ifq.unifei.edu.br\/wp-content\/uploads\/2019\/10\/IMG_0061-768x512.jpg 768w\" sizes=\"(max-width: 767px) 89vw, (max-width: 1000px) 54vw, (max-width: 1071px) 543px, 580px\" \/><\/figure><\/li><li class=\"blocks-gallery-item\"><figure><img loading=\"lazy\" decoding=\"async\" width=\"1024\" height=\"683\" src=\"http:\/\/labs-ifq.unifei.edu.br\/wp-content\/uploads\/2019\/10\/IMG_0041-1-1024x683.jpg\" alt=\"\" data-id=\"77\" data-link=\"http:\/\/labs-ifq.unifei.edu.br\/?attachment_id=77\" class=\"wp-image-77\" srcset=\"http:\/\/labs-ifq.unifei.edu.br\/wp-content\/uploads\/2019\/10\/IMG_0041-1-1024x683.jpg 1024w, http:\/\/labs-ifq.unifei.edu.br\/wp-content\/uploads\/2019\/10\/IMG_0041-1-300x200.jpg 300w, http:\/\/labs-ifq.unifei.edu.br\/wp-content\/uploads\/2019\/10\/IMG_0041-1-768x512.jpg 768w\" sizes=\"(max-width: 767px) 89vw, (max-width: 1000px) 54vw, (max-width: 1071px) 543px, 580px\" \/><\/figure><\/li><li class=\"blocks-gallery-item\"><figure><img loading=\"lazy\" decoding=\"async\" width=\"1024\" height=\"683\" src=\"http:\/\/labs-ifq.unifei.edu.br\/wp-content\/uploads\/2019\/10\/IMG_0041-1024x683.jpg\" alt=\"\" data-id=\"27\" data-link=\"http:\/\/labs-ifq.unifei.edu.br\/?attachment_id=27\" class=\"wp-image-27\" srcset=\"http:\/\/labs-ifq.unifei.edu.br\/wp-content\/uploads\/2019\/10\/IMG_0041-1024x683.jpg 1024w, http:\/\/labs-ifq.unifei.edu.br\/wp-content\/uploads\/2019\/10\/IMG_0041-300x200.jpg 300w, http:\/\/labs-ifq.unifei.edu.br\/wp-content\/uploads\/2019\/10\/IMG_0041-768x512.jpg 768w\" sizes=\"(max-width: 767px) 89vw, (max-width: 1000px) 54vw, (max-width: 1071px) 543px, 580px\" \/><\/figure><\/li><\/ul>\n\n\n\n<p><a href=\"https:\/\/owncloud.unifei.edu.br\/index.php\/s\/3JOngeRJ2RQibO3\">Cuba de Ondas<\/a>:  Produzir pulsos circulares  e ondas estacion\u00e1rias em meio liquido e determinar a velocidade de propaga\u00e7\u00e3o dos pulsos.<\/p>\n\n\n\n<p><a href=\"https:\/\/owncloud.unifei.edu.br\/index.php\/s\/oA2cH7ONAYDKbGh\">Energia em MHS<\/a>:  Estudar a varia\u00e7\u00e3o das energias cin\u00e9tica e potencial de um corpo que executa um M.H.S.<\/p>\n\n\n\n<p><a href=\"https:\/\/owncloud.unifei.edu.br\/index.php\/s\/clhzYVkglOcQrgu\">Espectroscopia<\/a>:   Determinar os comprimentos de onda da radia\u00e7\u00e3o emitida por uma lampada de vapor de merc\u00fario e calcular o poder de resolu\u00e7\u00e3o de um prisma. <\/p>\n\n\n\n<p><a href=\"https:\/\/owncloud.unifei.edu.br\/index.php\/s\/NZf1yhUD8X8FPEI\">Ondas Mec\u00e2nicas e Ondas Sonoras<\/a>:   Distinguir as ondas transversais das ondas longitudinais e  determinar os par\u00e2metros envolvidos no c\u00e1lculo da velocidade de propaga\u00e7\u00e3o de movimentos ondulat\u00f3rios. <\/p>\n\n\n\n<p><a href=\"https:\/\/owncloud.unifei.edu.br\/index.php\/s\/MfXBAIwGyv59VOp\">\u00d3ptica F\u00edsica<\/a>:   Identificar fen\u00f4menos de interfer\u00eancia e difra\u00e7\u00e3o. \uf0b7 Analisar padr\u00f5es de interfer\u00eancia e difra\u00e7\u00e3o de Fraunhofer. <\/p>\n\n\n\n<p><a href=\"https:\/\/owncloud.unifei.edu.br\/index.php\/s\/bPi17qdDHfvSvYl\">P\u00eandulo de tor\u00e7\u00e3o<\/a> :  Demonstrar  que  o  torque  aplicado  a  um  p\u00eandulo  de  tor\u00e7\u00e3o  \u00e9 proporcional ao \u00e2ngulo de tor\u00e7\u00e3o  e relacionar o mecanismo de perda de energia com o decaimento de amplitude do movimento do p\u00eandulo.<\/p>\n\n\n\n<p><a href=\"https:\/\/owncloud.unifei.edu.br\/index.php\/s\/Ful4kBzFXP3yHE0\">Link de acesso dos roteiro.<\/a><\/p>\n","protected":false},"excerpt":{"rendered":"<p>Cuba de Ondas: Produzir pulsos circulares e ondas estacion\u00e1rias em meio liquido e determinar a velocidade de propaga\u00e7\u00e3o dos pulsos. Energia em MHS: Estudar a varia\u00e7\u00e3o das energias cin\u00e9tica e potencial de um corpo que executa um M.H.S. Espectroscopia: Determinar os comprimentos de onda da radia\u00e7\u00e3o emitida por uma lampada de vapor de merc\u00fario e &hellip; <\/p>\n<p class=\"link-more\"><a href=\"http:\/\/labs-ifq.unifei.edu.br\/?page_id=581\" class=\"more-link\">Continue lendo<span class=\"screen-reader-text\"> &#8220;Experimentos de Ondulat\u00f3ria&#8221;<\/span><\/a><\/p>\n","protected":false},"author":1,"featured_media":0,"parent":0,"menu_order":0,"comment_status":"closed","ping_status":"closed","template":"","meta":{"footnotes":""},"class_list":["post-581","page","type-page","status-publish","hentry"],"_links":{"self":[{"href":"http:\/\/labs-ifq.unifei.edu.br\/index.php?rest_route=\/wp\/v2\/pages\/581"}],"collection":[{"href":"http:\/\/labs-ifq.unifei.edu.br\/index.php?rest_route=\/wp\/v2\/pages"}],"about":[{"href":"http:\/\/labs-ifq.unifei.edu.br\/index.php?rest_route=\/wp\/v2\/types\/page"}],"author":[{"embeddable":true,"href":"http:\/\/labs-ifq.unifei.edu.br\/index.php?rest_route=\/wp\/v2\/users\/1"}],"replies":[{"embeddable":true,"href":"http:\/\/labs-ifq.unifei.edu.br\/index.php?rest_route=%2Fwp%2Fv2%2Fcomments&post=581"}],"version-history":[{"count":6,"href":"http:\/\/labs-ifq.unifei.edu.br\/index.php?rest_route=\/wp\/v2\/pages\/581\/revisions"}],"predecessor-version":[{"id":612,"href":"http:\/\/labs-ifq.unifei.edu.br\/index.php?rest_route=\/wp\/v2\/pages\/581\/revisions\/612"}],"wp:attachment":[{"href":"http:\/\/labs-ifq.unifei.edu.br\/index.php?rest_route=%2Fwp%2Fv2%2Fmedia&parent=581"}],"curies":[{"name":"wp","href":"https:\/\/api.w.org\/{rel}","templated":true}]}}