

{"id":580,"date":"2020-03-25T22:52:38","date_gmt":"2020-03-25T19:52:38","guid":{"rendered":"http:\/\/labs-ifq.unifei.edu.br\/?page_id=580"},"modified":"2020-03-25T22:52:38","modified_gmt":"2020-03-25T19:52:38","slug":"experimentos-de-termologia","status":"publish","type":"page","link":"http:\/\/labs-ifq.unifei.edu.br\/?page_id=580","title":{"rendered":"Experimentos de Termologia"},"content":{"rendered":"\n<p>Experimentos que consistem no estudos de calor e energia e a sua transmiss\u00e3o. <\/p>\n\n\n\n<ul class=\"wp-block-gallery columns-3 is-cropped wp-block-gallery-1 is-layout-flex wp-block-gallery-is-layout-flex\"><li class=\"blocks-gallery-item\"><figure><img loading=\"lazy\" decoding=\"async\" width=\"1024\" height=\"683\" src=\"http:\/\/labs-ifq.unifei.edu.br\/wp-content\/uploads\/2019\/10\/IMG_0400-1024x683.jpg\" alt=\"\" data-id=\"64\" data-link=\"http:\/\/labs-ifq.unifei.edu.br\/?attachment_id=64\" class=\"wp-image-64\" srcset=\"http:\/\/labs-ifq.unifei.edu.br\/wp-content\/uploads\/2019\/10\/IMG_0400-1024x683.jpg 1024w, http:\/\/labs-ifq.unifei.edu.br\/wp-content\/uploads\/2019\/10\/IMG_0400-300x200.jpg 300w, http:\/\/labs-ifq.unifei.edu.br\/wp-content\/uploads\/2019\/10\/IMG_0400-768x512.jpg 768w\" sizes=\"(max-width: 767px) 89vw, (max-width: 1000px) 54vw, (max-width: 1071px) 543px, 580px\" \/><\/figure><\/li><li class=\"blocks-gallery-item\"><figure><img loading=\"lazy\" decoding=\"async\" width=\"1024\" height=\"575\" src=\"http:\/\/labs-ifq.unifei.edu.br\/wp-content\/uploads\/2019\/10\/IMG_0467-1024x575.jpg\" alt=\"\" data-id=\"65\" data-link=\"http:\/\/labs-ifq.unifei.edu.br\/?attachment_id=65\" class=\"wp-image-65\" srcset=\"http:\/\/labs-ifq.unifei.edu.br\/wp-content\/uploads\/2019\/10\/IMG_0467-1024x575.jpg 1024w, http:\/\/labs-ifq.unifei.edu.br\/wp-content\/uploads\/2019\/10\/IMG_0467-300x169.jpg 300w, http:\/\/labs-ifq.unifei.edu.br\/wp-content\/uploads\/2019\/10\/IMG_0467-768x431.jpg 768w\" sizes=\"(max-width: 767px) 89vw, (max-width: 1000px) 54vw, (max-width: 1071px) 543px, 580px\" \/><\/figure><\/li><li class=\"blocks-gallery-item\"><figure><img loading=\"lazy\" decoding=\"async\" width=\"1024\" height=\"683\" src=\"http:\/\/labs-ifq.unifei.edu.br\/wp-content\/uploads\/2019\/10\/IMG_0416-1024x683.jpg\" alt=\"\" data-id=\"71\" data-link=\"http:\/\/labs-ifq.unifei.edu.br\/?attachment_id=71\" class=\"wp-image-71\" srcset=\"http:\/\/labs-ifq.unifei.edu.br\/wp-content\/uploads\/2019\/10\/IMG_0416-1024x683.jpg 1024w, http:\/\/labs-ifq.unifei.edu.br\/wp-content\/uploads\/2019\/10\/IMG_0416-300x200.jpg 300w, http:\/\/labs-ifq.unifei.edu.br\/wp-content\/uploads\/2019\/10\/IMG_0416-768x512.jpg 768w\" sizes=\"(max-width: 767px) 89vw, (max-width: 1000px) 54vw, (max-width: 1071px) 543px, 580px\" \/><\/figure><\/li><\/ul>\n\n\n\n<p><a href=\"https:\/\/owncloud.unifei.edu.br\/index.php\/s\/wwJpvrB0PKxtXzj\">Calor espec\u00edfico dos s\u00f3lidos<\/a>:  Verificar e analisar a troca de calor em processos termodin\u00e2micos onde n\u00e3o h\u00e1 a mudan\u00e7a de estado. Descrever  o princ\u00edpio de funcionamento de um calor\u00edmetro e determinar o equivalente-\u00e1gua do calor\u00edmetro.  <\/p>\n\n\n\n<p><a href=\"https:\/\/owncloud.unifei.edu.br\/index.php\/s\/J7M7n8gwyRGsvcf\">Calor latente de fus\u00e3o e vaporiza\u00e7\u00e3o<\/a> : Verificar  que  as  trocas  de  calor  envolvidas  num  processo  termodin\u00e2mico  nem  sempre  se revertem em modifica\u00e7\u00f5es de temperaturas .<\/p>\n\n\n\n<p><a href=\"https:\/\/owncloud.unifei.edu.br\/index.php\/s\/6SLHT8e0RXlccl3\">Efeitos termoel\u00e9tricos: <\/a> Verificar o efeito Peltier e Observar o efeito Seebeck al\u00e9m de   calibrar um termopar Cobre-Constant\u00e3.  <\/p>\n\n\n\n<p><a href=\"https:\/\/owncloud.unifei.edu.br\/index.php\/s\/K4ihCI6mmXAjZ4k\">Flu\u00eddos<\/a>:  Verificar a validade e aplicar o Princ\u00edpio de Arquimedes .<\/p>\n\n\n\n<p><a href=\"https:\/\/owncloud.unifei.edu.br\/index.php\/s\/qeXMqAmMdU0QYK0\">Gases perfeitos<\/a>:  Comprovar a validade da Lei de Boyle e Mariotte para a transforma\u00e7\u00e3o isot\u00e9rmica de um g\u00e1s .<\/p>\n\n\n\n<p><a href=\"http:\/\/ PROPAGA\u00c7\u00c3O DE CALOR. DILATA\u00c7\u00c3O DE S\u00d3LIDOS\">Dilata\u00e7\u00e3o dos s\u00f3lidos<\/a> :  Analisar os mecanismos de propaga\u00e7\u00e3o de calor em um material e determinar o coeficiente de expans\u00e3o t\u00e9rmica linear de 3 diferentes materiais.<\/p>\n\n\n\n<p><a href=\"https:\/\/owncloud.unifei.edu.br\/index.php\/s\/HKhCPSeX9xRFVrX\">Roteiros e outras atividades relacionadas.<\/a><\/p>\n","protected":false},"excerpt":{"rendered":"<p>Experimentos que consistem no estudos de calor e energia e a sua transmiss\u00e3o. Calor espec\u00edfico dos s\u00f3lidos: Verificar e analisar a troca de calor em processos termodin\u00e2micos onde n\u00e3o h\u00e1 a mudan\u00e7a de estado. Descrever o princ\u00edpio de funcionamento de um calor\u00edmetro e determinar o equivalente-\u00e1gua do calor\u00edmetro. Calor latente de fus\u00e3o e vaporiza\u00e7\u00e3o : &hellip; <\/p>\n<p class=\"link-more\"><a href=\"http:\/\/labs-ifq.unifei.edu.br\/?page_id=580\" class=\"more-link\">Continue lendo<span class=\"screen-reader-text\"> &#8220;Experimentos de Termologia&#8221;<\/span><\/a><\/p>\n","protected":false},"author":1,"featured_media":0,"parent":0,"menu_order":0,"comment_status":"closed","ping_status":"closed","template":"","meta":{"footnotes":""},"class_list":["post-580","page","type-page","status-publish","hentry"],"_links":{"self":[{"href":"http:\/\/labs-ifq.unifei.edu.br\/index.php?rest_route=\/wp\/v2\/pages\/580"}],"collection":[{"href":"http:\/\/labs-ifq.unifei.edu.br\/index.php?rest_route=\/wp\/v2\/pages"}],"about":[{"href":"http:\/\/labs-ifq.unifei.edu.br\/index.php?rest_route=\/wp\/v2\/types\/page"}],"author":[{"embeddable":true,"href":"http:\/\/labs-ifq.unifei.edu.br\/index.php?rest_route=\/wp\/v2\/users\/1"}],"replies":[{"embeddable":true,"href":"http:\/\/labs-ifq.unifei.edu.br\/index.php?rest_route=%2Fwp%2Fv2%2Fcomments&post=580"}],"version-history":[{"count":2,"href":"http:\/\/labs-ifq.unifei.edu.br\/index.php?rest_route=\/wp\/v2\/pages\/580\/revisions"}],"predecessor-version":[{"id":590,"href":"http:\/\/labs-ifq.unifei.edu.br\/index.php?rest_route=\/wp\/v2\/pages\/580\/revisions\/590"}],"wp:attachment":[{"href":"http:\/\/labs-ifq.unifei.edu.br\/index.php?rest_route=%2Fwp%2Fv2%2Fmedia&parent=580"}],"curies":[{"name":"wp","href":"https:\/\/api.w.org\/{rel}","templated":true}]}}