

{"id":574,"date":"2020-03-25T14:44:40","date_gmt":"2020-03-25T11:44:40","guid":{"rendered":"http:\/\/labs-ifq.unifei.edu.br\/?page_id=574"},"modified":"2020-03-26T15:23:17","modified_gmt":"2020-03-26T12:23:17","slug":"experimentos-de-cinematica-e-dinamica","status":"publish","type":"page","link":"http:\/\/labs-ifq.unifei.edu.br\/?page_id=574","title":{"rendered":"Experimentos de Cinem\u00e1tica e Din\u00e2mica"},"content":{"rendered":"\n<p>  Experimentos que focam em constatar as leis do movimento para objetos macrosc\u00f3picos.  Faz-se uso do trilho de ar, cron\u00f4metros, sensores de movimento e equipamentos que medem a velocidade de queda livre. <\/p>\n\n\n\n<ul class=\"wp-block-gallery columns-2 is-cropped wp-block-gallery-1 is-layout-flex wp-block-gallery-is-layout-flex\"><li class=\"blocks-gallery-item\"><figure><img loading=\"lazy\" decoding=\"async\" width=\"1024\" height=\"683\" src=\"http:\/\/labs-ifq.unifei.edu.br\/wp-content\/uploads\/2019\/09\/IMG_0752-1-1024x683.jpg\" alt=\"\" data-id=\"20\" data-link=\"http:\/\/labs-ifq.unifei.edu.br\/?attachment_id=20\" class=\"wp-image-20\" srcset=\"http:\/\/labs-ifq.unifei.edu.br\/wp-content\/uploads\/2019\/09\/IMG_0752-1-1024x683.jpg 1024w, http:\/\/labs-ifq.unifei.edu.br\/wp-content\/uploads\/2019\/09\/IMG_0752-1-300x200.jpg 300w, http:\/\/labs-ifq.unifei.edu.br\/wp-content\/uploads\/2019\/09\/IMG_0752-1-768x512.jpg 768w\" sizes=\"(max-width: 767px) 89vw, (max-width: 1000px) 54vw, (max-width: 1071px) 543px, 580px\" \/><\/figure><\/li><li class=\"blocks-gallery-item\"><figure><img loading=\"lazy\" decoding=\"async\" width=\"1024\" height=\"683\" src=\"http:\/\/labs-ifq.unifei.edu.br\/wp-content\/uploads\/2019\/09\/IMG_0741-1024x683.jpg\" alt=\"\" data-id=\"5\" data-link=\"http:\/\/labs-ifq.unifei.edu.br\/?attachment_id=5\" class=\"wp-image-5\" srcset=\"http:\/\/labs-ifq.unifei.edu.br\/wp-content\/uploads\/2019\/09\/IMG_0741-1024x683.jpg 1024w, http:\/\/labs-ifq.unifei.edu.br\/wp-content\/uploads\/2019\/09\/IMG_0741-300x200.jpg 300w, http:\/\/labs-ifq.unifei.edu.br\/wp-content\/uploads\/2019\/09\/IMG_0741-768x512.jpg 768w\" sizes=\"(max-width: 767px) 89vw, (max-width: 1000px) 54vw, (max-width: 1071px) 543px, 580px\" \/><\/figure><\/li><\/ul>\n\n\n\n<p> <a rel=\"noreferrer noopener\" aria-label=\" (abre numa nova aba)\" href=\"https:\/\/owncloud.unifei.edu.br\/index.php\/s\/cmqSKc2pKVj1KBM\" target=\"_blank\">Movimento unidimensional<\/a> :  escrever as express\u00f5es gerais relativas ao movimento de um carrinho num trilho de ar horizontal e inclinado. <\/p>\n\n\n\n<p> <a href=\"https:\/\/owncloud.unifei.edu.br\/index.php\/s\/YdoB2WlwbKmjIkb\">Movimento bidimensiona<\/a>l : descrever o movimento de um puck sobre um plano horizontal e inclinado.  <\/p>\n\n\n\n<p> <a href=\"https:\/\/owncloud.unifei.edu.br\/index.php\/s\/qIPszGp5TvgOEWu\">Queda Livre: <\/a> Descrever o movimento de um objeto em queda livre.<\/p>\n\n\n\n<p><a href=\"https:\/\/owncloud.unifei.edu.br\/index.php\/s\/cmqSKc2pKVj1KBM\"> Leis de Newton<\/a> : Constata\u00e7\u00e3o e descri\u00e7\u00e3o das Leis de newton.<\/p>\n\n\n\n<p><a href=\"https:\/\/owncloud.unifei.edu.br\/index.php\/s\/11BRfJIIgCvdccF\">For\u00e7as Dissipativas<\/a> Construir e analisar gr\u00e1ficos de grandezas cinem\u00e1ticas.  Observar e medir o arrasto hidrodin\u00e2mico; <\/p>\n\n\n\n<p><a href=\"https:\/\/owncloud.unifei.edu.br\/index.php\/s\/IIfDO9bOLJmv4Pj\">Conserva\u00e7\u00e3o de energia mec\u00e2nica<\/a>:   Observar e medir a conserva\u00e7\u00e3o da energia mec\u00e2nica e analisar as transfer\u00eancias de energia em um sistema oscilante; <\/p>\n\n\n\n<p><a href=\"https:\/\/owncloud.unifei.edu.br\/index.php\/s\/MNxVc4B9PoZmsAZ\">Momento e Colis\u00f5es: <\/a>  &#8211; Observar e medir a conserva\u00e7\u00e3o do momento em colis\u00f5es; <\/p>\n\n\n\n<p><a href=\"https:\/\/owncloud.unifei.edu.br\/index.php\/s\/bwJaSK5W3AQWSMk\"> Rota\u00e7\u00f5es<\/a>: Determinar a acelera\u00e7\u00e3o angular de um objeto e a rela\u00e7\u00e3o entre posi\u00e7\u00e3o, velocidade angular e acelera\u00e7\u00e3o angular. <\/p>\n\n\n\n<p><a href=\"https:\/\/owncloud.unifei.edu.br\/index.php\/s\/EKtzpdc6gCQZdqQ\">Outros roteiros, manuais e atividades relacionadas ao curso.<\/a><\/p>\n","protected":false},"excerpt":{"rendered":"<p>Experimentos que focam em constatar as leis do movimento para objetos macrosc\u00f3picos. Faz-se uso do trilho de ar, cron\u00f4metros, sensores de movimento e equipamentos que medem a velocidade de queda livre. Movimento unidimensional : escrever as express\u00f5es gerais relativas ao movimento de um carrinho num trilho de ar horizontal e inclinado. Movimento bidimensional : descrever &hellip; <\/p>\n<p class=\"link-more\"><a href=\"http:\/\/labs-ifq.unifei.edu.br\/?page_id=574\" class=\"more-link\">Continue lendo<span class=\"screen-reader-text\"> &#8220;Experimentos de Cinem\u00e1tica e Din\u00e2mica&#8221;<\/span><\/a><\/p>\n","protected":false},"author":1,"featured_media":0,"parent":0,"menu_order":0,"comment_status":"closed","ping_status":"closed","template":"","meta":{"footnotes":""},"class_list":["post-574","page","type-page","status-publish","hentry"],"_links":{"self":[{"href":"http:\/\/labs-ifq.unifei.edu.br\/index.php?rest_route=\/wp\/v2\/pages\/574"}],"collection":[{"href":"http:\/\/labs-ifq.unifei.edu.br\/index.php?rest_route=\/wp\/v2\/pages"}],"about":[{"href":"http:\/\/labs-ifq.unifei.edu.br\/index.php?rest_route=\/wp\/v2\/types\/page"}],"author":[{"embeddable":true,"href":"http:\/\/labs-ifq.unifei.edu.br\/index.php?rest_route=\/wp\/v2\/users\/1"}],"replies":[{"embeddable":true,"href":"http:\/\/labs-ifq.unifei.edu.br\/index.php?rest_route=%2Fwp%2Fv2%2Fcomments&post=574"}],"version-history":[{"count":6,"href":"http:\/\/labs-ifq.unifei.edu.br\/index.php?rest_route=\/wp\/v2\/pages\/574\/revisions"}],"predecessor-version":[{"id":597,"href":"http:\/\/labs-ifq.unifei.edu.br\/index.php?rest_route=\/wp\/v2\/pages\/574\/revisions\/597"}],"wp:attachment":[{"href":"http:\/\/labs-ifq.unifei.edu.br\/index.php?rest_route=%2Fwp%2Fv2%2Fmedia&parent=574"}],"curies":[{"name":"wp","href":"https:\/\/api.w.org\/{rel}","templated":true}]}}