

{"id":154,"date":"2020-03-19T17:35:55","date_gmt":"2020-03-19T14:35:55","guid":{"rendered":"http:\/\/labs-ifq.unifei.edu.br\/?page_id=154"},"modified":"2020-03-27T00:10:28","modified_gmt":"2020-03-26T21:10:28","slug":"roteiros-de-laboratorios","status":"publish","type":"page","link":"http:\/\/labs-ifq.unifei.edu.br\/?page_id=154","title":{"rendered":"Experimentos de Metodologia Cient\u00edfica"},"content":{"rendered":"\n<p>Experimentos que focam no m\u00e9todos de obten\u00e7\u00e3o dos dados ou dos instrumentos necess\u00e1rios para a elabora\u00e7\u00e3o de um trabalho&nbsp;<strong>Cient\u00edfico<\/strong>.  Faz-se uso dos paqu\u00edmetros, micr\u00f4metros e softwares de estat\u00edstica.<\/p>\n\n\n\n<ul class=\"wp-block-gallery columns-3 is-cropped wp-block-gallery-1 is-layout-flex wp-block-gallery-is-layout-flex\"><li class=\"blocks-gallery-item\"><figure><img loading=\"lazy\" decoding=\"async\" width=\"1024\" height=\"768\" src=\"http:\/\/labs-ifq.unifei.edu.br\/wp-content\/uploads\/2020\/03\/DSCN5484-1024x768.jpg\" alt=\"\" data-id=\"176\" data-link=\"http:\/\/labs-ifq.unifei.edu.br\/?attachment_id=176\" class=\"wp-image-176\" srcset=\"http:\/\/labs-ifq.unifei.edu.br\/wp-content\/uploads\/2020\/03\/DSCN5484-1024x768.jpg 1024w, http:\/\/labs-ifq.unifei.edu.br\/wp-content\/uploads\/2020\/03\/DSCN5484-300x225.jpg 300w, http:\/\/labs-ifq.unifei.edu.br\/wp-content\/uploads\/2020\/03\/DSCN5484-768x576.jpg 768w, http:\/\/labs-ifq.unifei.edu.br\/wp-content\/uploads\/2020\/03\/DSCN5484.jpg 2048w\" sizes=\"(max-width: 767px) 89vw, (max-width: 1000px) 54vw, (max-width: 1071px) 543px, 580px\" \/><\/figure><\/li><li class=\"blocks-gallery-item\"><figure><img loading=\"lazy\" decoding=\"async\" width=\"1024\" height=\"768\" src=\"http:\/\/labs-ifq.unifei.edu.br\/wp-content\/uploads\/2020\/03\/DSCN5399-1024x768.jpg\" alt=\"\" data-id=\"229\" data-link=\"http:\/\/labs-ifq.unifei.edu.br\/?attachment_id=229\" class=\"wp-image-229\" srcset=\"http:\/\/labs-ifq.unifei.edu.br\/wp-content\/uploads\/2020\/03\/DSCN5399-1024x768.jpg 1024w, http:\/\/labs-ifq.unifei.edu.br\/wp-content\/uploads\/2020\/03\/DSCN5399-300x225.jpg 300w, http:\/\/labs-ifq.unifei.edu.br\/wp-content\/uploads\/2020\/03\/DSCN5399-768x576.jpg 768w, http:\/\/labs-ifq.unifei.edu.br\/wp-content\/uploads\/2020\/03\/DSCN5399.jpg 2048w\" sizes=\"(max-width: 767px) 89vw, (max-width: 1000px) 54vw, (max-width: 1071px) 543px, 580px\" \/><\/figure><\/li><li class=\"blocks-gallery-item\"><figure><img loading=\"lazy\" decoding=\"async\" width=\"1024\" height=\"768\" src=\"http:\/\/labs-ifq.unifei.edu.br\/wp-content\/uploads\/2020\/03\/DSCN6084-1024x768.jpg\" alt=\"\" data-id=\"244\" data-link=\"http:\/\/labs-ifq.unifei.edu.br\/?attachment_id=244\" class=\"wp-image-244\" srcset=\"http:\/\/labs-ifq.unifei.edu.br\/wp-content\/uploads\/2020\/03\/DSCN6084-1024x768.jpg 1024w, http:\/\/labs-ifq.unifei.edu.br\/wp-content\/uploads\/2020\/03\/DSCN6084-300x225.jpg 300w, http:\/\/labs-ifq.unifei.edu.br\/wp-content\/uploads\/2020\/03\/DSCN6084-768x576.jpg 768w, http:\/\/labs-ifq.unifei.edu.br\/wp-content\/uploads\/2020\/03\/DSCN6084.jpg 2048w\" sizes=\"(max-width: 767px) 89vw, (max-width: 1000px) 54vw, (max-width: 1071px) 543px, 580px\" \/><\/figure><\/li><\/ul>\n\n\n\n<p>1 &#8211; <a href=\"https:\/\/owncloud.unifei.edu.br\/index.php\/s\/NHDlxoWqYzVCGuB\">Medidas e incertezas<\/a> :  M\u00e9todo de  realiza\u00e7\u00e3o de  medidas e  como funcionam os instrumentos.<\/p>\n\n\n\n<p>2 &#8211; <a href=\"https:\/\/owncloud.unifei.edu.br\/index.php\/s\/IbUrUCXjuVKQPaE\">Massa Espec\u00edfica de um S\u00f3lido<\/a> :  Deslocamento do volume de um liquido quando ocorre a submers\u00e3o de um objeto.  <\/p>\n\n\n\n<p>3 &#8211; <a href=\"https:\/\/owncloud.unifei.edu.br\/index.php\/s\/v4jQAFvG8MS8k0n\">Tempo de Rea\u00e7\u00e3o Humana<\/a> :  Calculo do intervalo de tempo entre o reconhecimento de uma situa\u00e7\u00e3o perigosa e a a\u00e7\u00e3o de resposta a esta situa\u00e7\u00e3o.<\/p>\n\n\n\n<p>4 &#8211;  <a href=\"https:\/\/owncloud.unifei.edu.br\/index.php\/s\/ZIusXos3mYGXtUW\">Utilizando Paqu\u00edmetro e Micr\u00f4metro<\/a>:  Obten\u00e7\u00e3o de medidas com os paqu\u00edmetros e Micr\u00f4metros. <\/p>\n\n\n\n<p>5 &#8211; <a href=\"https:\/\/owncloud.unifei.edu.br\/index.php\/s\/sRroNk5hzmartwk\">Determina\u00e7\u00e3o de Medidas El\u00e9tricas<\/a>:  Determina\u00e7\u00e3o  atrav\u00e9s de medidas diretas de voltagem e corrente el\u00e9trica; <\/p>\n\n\n\n<p>6 &#8211; <a href=\"https:\/\/owncloud.unifei.edu.br\/index.php\/s\/1ZxXrtkNikRr9HI\"> Construindo um gr\u00e1fico<\/a>:  Aprender a construir gr\u00e1ficos  experimentais utilizando os dados obtidos em outros laborat\u00f3rios.<\/p>\n\n\n\n<p>7 &#8211; <a href=\"https:\/\/owncloud.unifei.edu.br\/index.php\/s\/jRbq2srI8qlad6k\">Lei de resfriamento<\/a>:  Calculo de resfriamento .<\/p>\n\n\n\n<p><a href=\"https:\/\/owncloud.unifei.edu.br\/index.php\/s\/Q5kQfgSM4Xy9yTl\">Link com arquivo com todos os Roteiros de  Laborat\u00f3rios.<\/a><\/p>\n\n\n\n<p><a href=\"https:\/\/owncloud.unifei.edu.br\/index.php\/s\/HUhkFbS6FZNppiu\">Link para outras atividades do mesmo Laborat\u00f3rio.<\/a><\/p>\n","protected":false},"excerpt":{"rendered":"<p>Experimentos que focam no m\u00e9todos de obten\u00e7\u00e3o dos dados ou dos instrumentos necess\u00e1rios para a elabora\u00e7\u00e3o de um trabalho&nbsp;Cient\u00edfico. Faz-se uso dos paqu\u00edmetros, micr\u00f4metros e softwares de estat\u00edstica. 1 &#8211; Medidas e incertezas : M\u00e9todo de realiza\u00e7\u00e3o de medidas e como funcionam os instrumentos. 2 &#8211; Massa Espec\u00edfica de um S\u00f3lido : Deslocamento do volume &hellip; <\/p>\n<p class=\"link-more\"><a href=\"http:\/\/labs-ifq.unifei.edu.br\/?page_id=154\" class=\"more-link\">Continue lendo<span class=\"screen-reader-text\"> &#8220;Experimentos de Metodologia Cient\u00edfica&#8221;<\/span><\/a><\/p>\n","protected":false},"author":1,"featured_media":0,"parent":0,"menu_order":0,"comment_status":"closed","ping_status":"closed","template":"","meta":{"footnotes":""},"class_list":["post-154","page","type-page","status-publish","hentry"],"_links":{"self":[{"href":"http:\/\/labs-ifq.unifei.edu.br\/index.php?rest_route=\/wp\/v2\/pages\/154"}],"collection":[{"href":"http:\/\/labs-ifq.unifei.edu.br\/index.php?rest_route=\/wp\/v2\/pages"}],"about":[{"href":"http:\/\/labs-ifq.unifei.edu.br\/index.php?rest_route=\/wp\/v2\/types\/page"}],"author":[{"embeddable":true,"href":"http:\/\/labs-ifq.unifei.edu.br\/index.php?rest_route=\/wp\/v2\/users\/1"}],"replies":[{"embeddable":true,"href":"http:\/\/labs-ifq.unifei.edu.br\/index.php?rest_route=%2Fwp%2Fv2%2Fcomments&post=154"}],"version-history":[{"count":13,"href":"http:\/\/labs-ifq.unifei.edu.br\/index.php?rest_route=\/wp\/v2\/pages\/154\/revisions"}],"predecessor-version":[{"id":607,"href":"http:\/\/labs-ifq.unifei.edu.br\/index.php?rest_route=\/wp\/v2\/pages\/154\/revisions\/607"}],"wp:attachment":[{"href":"http:\/\/labs-ifq.unifei.edu.br\/index.php?rest_route=%2Fwp%2Fv2%2Fmedia&parent=154"}],"curies":[{"name":"wp","href":"https:\/\/api.w.org\/{rel}","templated":true}]}}