

{"id":1377,"date":"2020-09-11T16:06:28","date_gmt":"2020-09-11T13:06:28","guid":{"rendered":"http:\/\/labs-ifq.unifei.edu.br\/?page_id=1377"},"modified":"2020-10-23T15:20:37","modified_gmt":"2020-10-23T12:20:37","slug":"pesquisa","status":"publish","type":"page","link":"http:\/\/labs-ifq.unifei.edu.br\/?page_id=1377","title":{"rendered":"Pesquisa"},"content":{"rendered":"\n<figure class=\"wp-block-table is-style-stripes\"><table><tbody><tr><td class=\"has-text-align-center\" data-align=\"center\"><strong>Identifica\u00e7\u00e3o<\/strong><\/td><td><strong>Laborat\u00f3rio<\/strong><\/td><\/tr><tr><td class=\"has-text-align-center\" data-align=\"center\">C3101<\/td><td>Espa\u00e7o InterCi\u00eancias<\/td><\/tr><tr><td class=\"has-text-align-center\" data-align=\"center\">C2208<\/td><td>Laborat\u00f3rio de F\u00edsica Computacional LFC<\/td><\/tr><tr><td class=\"has-text-align-center\" data-align=\"center\">C2111<\/td><td>Laborat\u00f3rio de Reologia \u201cDr. Hans Martin Laun\u201d<\/td><\/tr><tr><td class=\"has-text-align-center\" data-align=\"center\">C2110<\/td><td>Laborat\u00f3rios de prepara\u00e7\u00e3o de amostras<\/td><\/tr><tr><td class=\"has-text-align-center\" data-align=\"center\">C2119<\/td><td>Laborat\u00f3rio de Caracteriza\u00e7\u00e3o Espectrosc\u00f3pica e Microscopia LCEM<\/td><\/tr><tr><td class=\"has-text-align-center\" data-align=\"center\">J2102<\/td><td>Laborat\u00f3rio de An\u00e1lise T\u00e9rmica<\/td><\/tr><tr><td class=\"has-text-align-center\" data-align=\"center\">J2207<\/td><td>Laborat\u00f3rio de Cultura de C\u00e9lulas e Testes de Citotoxicidade Associada a Materiais e F\u00e1rmacos<\/td><\/tr><tr><td class=\"has-text-align-center\" data-align=\"center\">J2107<\/td><td>Laborat\u00f3rio de Teste Microbiol\u00f3gicos Associado a Materiais e F\u00e1rmacos<\/td><\/tr><tr><td class=\"has-text-align-center\" data-align=\"center\">J2101<\/td><td>Laborat\u00f3rio de Caracteriza\u00e7\u00e3o Eletro-\u00f3ptica<\/td><\/tr><tr><td class=\"has-text-align-center\" data-align=\"center\">J2108\/J2109<\/td><td>Laborat\u00f3rio de Sistemas Polim\u00e9ricos e Supramoleculares<\/td><\/tr><tr><td class=\"has-text-align-center\" data-align=\"center\">C2207<\/td><td>Laborat\u00f3rio de Astrof\u00edsica Computacional LAC<\/td><\/tr><tr><td class=\"has-text-align-center\" data-align=\"center\">C2217<\/td><td>Laborat\u00f3rio de Pesquisa em Educa\u00e7\u00e3o Qu\u00edmica de Itajub\u00e1 LPEQ<\/td><\/tr><tr><td class=\"has-text-align-center\" data-align=\"center\">J2301<\/td><td>Laborat\u00f3rios de Qu\u00edmica Computacional<\/td><\/tr><tr><td class=\"has-text-align-center\" data-align=\"center\">C2216<\/td><td>Laborat\u00f3rio de Pesquisa em Ensino de F\u00edsica LPEF<\/td><\/tr><tr><td class=\"has-text-align-center\" data-align=\"center\">C1138<\/td><td>Laborat\u00f3rio de Criogenia<\/td><\/tr><tr><td class=\"has-text-align-center\" data-align=\"center\">C2115<\/td><td>Laborat\u00f3rio de Transporte El\u00e9trico em Baixa Temperatura LTEBT<\/td><\/tr><tr><td class=\"has-text-align-center\" data-align=\"center\">J2103<\/td><td>Laborat\u00f3rio de S\u00edntese de Mol\u00e9culas Bioativas \u2013 LASIMBIO<\/td><\/tr><tr><td class=\"has-text-align-center\" data-align=\"center\">J2204<\/td><td>Laborat\u00f3rio de Espectroscopia<\/td><\/tr><tr><td class=\"has-text-align-center\" data-align=\"center\">J2104<\/td><td>Laborat\u00f3rio de S\u00edntese Org\u00e2nica<\/td><\/tr><tr><td class=\"has-text-align-center\" data-align=\"center\">C2212<\/td><td>Laboratorio de Metodologias Ativas LMA<\/td><\/tr><tr><td class=\"has-text-align-center\" data-align=\"center\">C2129<\/td><td>Laborat\u00f3rio de Caracteriza\u00e7\u00e3o de Materiais LCM ( antigo Laborat\u00f3rio de Sensores e Dispositivos)<\/td><\/tr><tr><td class=\"has-text-align-center\" data-align=\"center\">J2210\/J2211<\/td><td>Laborat\u00f3rio de Materiais Cer\u00e2micos<\/td><\/tr><tr><td class=\"has-text-align-center\" data-align=\"center\">J2209<\/td><td>Laborat\u00f3rio de Materiais V\u00edtreos<\/td><\/tr><tr><td class=\"has-text-align-center\" data-align=\"center\">C2102<\/td><td>LabSIAA \u2013 Laborat\u00f3rio de S\u00edntese Inorg\u00e2nica e Anal\u00edtica Ambiental<\/td><\/tr><tr><td class=\"has-text-align-center\" data-align=\"center\">C2223<\/td><td>Laborat\u00f3rio Did\u00e1tico de Ensino de F\u00edsica<\/td><\/tr><tr><td class=\"has-text-align-center\" data-align=\"center\">C2130<\/td><td>Laborat\u00f3rio Remoto de F\u00edsica LabRemoto<\/td><\/tr><tr><td class=\"has-text-align-center\" data-align=\"center\">C2117<\/td><td>Laborat\u00f3rio de Pol\u00edmeros e Comp\u00f3sitos LPC (antigo Laborat\u00f3rio de Qu\u00edmica experimental)<\/td><\/tr><\/tbody><\/table><\/figure>\n","protected":false},"excerpt":{"rendered":"<p>Identifica\u00e7\u00e3o Laborat\u00f3rio C3101 Espa\u00e7o InterCi\u00eancias C2208 Laborat\u00f3rio de F\u00edsica Computacional LFC C2111 Laborat\u00f3rio de Reologia \u201cDr. Hans Martin Laun\u201d C2110 Laborat\u00f3rios de prepara\u00e7\u00e3o de amostras C2119 Laborat\u00f3rio de Caracteriza\u00e7\u00e3o Espectrosc\u00f3pica e Microscopia LCEM J2102 Laborat\u00f3rio de An\u00e1lise T\u00e9rmica J2207 Laborat\u00f3rio de Cultura de C\u00e9lulas e Testes de Citotoxicidade Associada a Materiais e F\u00e1rmacos J2107 Laborat\u00f3rio &hellip; <\/p>\n<p class=\"link-more\"><a href=\"http:\/\/labs-ifq.unifei.edu.br\/?page_id=1377\" class=\"more-link\">Continue lendo<span class=\"screen-reader-text\"> &#8220;Pesquisa&#8221;<\/span><\/a><\/p>\n","protected":false},"author":1,"featured_media":0,"parent":0,"menu_order":0,"comment_status":"closed","ping_status":"closed","template":"","meta":{"footnotes":""},"class_list":["post-1377","page","type-page","status-publish","hentry"],"_links":{"self":[{"href":"http:\/\/labs-ifq.unifei.edu.br\/index.php?rest_route=\/wp\/v2\/pages\/1377"}],"collection":[{"href":"http:\/\/labs-ifq.unifei.edu.br\/index.php?rest_route=\/wp\/v2\/pages"}],"about":[{"href":"http:\/\/labs-ifq.unifei.edu.br\/index.php?rest_route=\/wp\/v2\/types\/page"}],"author":[{"embeddable":true,"href":"http:\/\/labs-ifq.unifei.edu.br\/index.php?rest_route=\/wp\/v2\/users\/1"}],"replies":[{"embeddable":true,"href":"http:\/\/labs-ifq.unifei.edu.br\/index.php?rest_route=%2Fwp%2Fv2%2Fcomments&post=1377"}],"version-history":[{"count":2,"href":"http:\/\/labs-ifq.unifei.edu.br\/index.php?rest_route=\/wp\/v2\/pages\/1377\/revisions"}],"predecessor-version":[{"id":1445,"href":"http:\/\/labs-ifq.unifei.edu.br\/index.php?rest_route=\/wp\/v2\/pages\/1377\/revisions\/1445"}],"wp:attachment":[{"href":"http:\/\/labs-ifq.unifei.edu.br\/index.php?rest_route=%2Fwp%2Fv2%2Fmedia&parent=1377"}],"curies":[{"name":"wp","href":"https:\/\/api.w.org\/{rel}","templated":true}]}}